{"id":9,"date":"2018-10-10T13:24:25","date_gmt":"2018-10-10T19:24:25","guid":{"rendered":"http:\/\/tophitsmx.com\/?page_id=9"},"modified":"2020-04-22T15:03:35","modified_gmt":"2020-04-22T21:03:35","slug":"acerca-de","status":"publish","type":"page","link":"http:\/\/tophitsmx.com\/index.php\/acerca-de\/","title":{"rendered":"Nosotros"},"content":{"rendered":"<p><img loading=\"lazy\" decoding=\"async\" class=\"size-thumbnail wp-image-292 alignleft\" src=\"https:\/\/i0.wp.com\/tophitsmx.com\/wp-content\/uploads\/2018\/10\/gorriones5.jpg?resize=150%2C150\" alt=\"\" width=\"150\" height=\"150\" data-recalc-dims=\"1\" \/>Somos una familia que lleva la radio en la sangre y que <span style=\"color: #ffffff;\">DON PEDRO HUMBERTO ORTIZ ORTIZ<\/span> fue quien lo inicio como locutor en los a\u00f1os 50&#8217;s en la XEOK de Monterrey N.L.\u00a0 con su programa CANTOS Y CANTARES DE M\u00c9XICO donde comparti\u00f3 amenas charlas con los cantantes m\u00e1s famosos de m\u00fasica ranchera de ese momento como Pedro Infante, Miguel Aceves Mejia, Luis P\u00e9rez Meza entre otros y debido a su conocimiento sobre la m\u00fasica regional formo el grupo LOS GORRIONES DEL TOPO CHICO.<\/p>\n<p><img loading=\"lazy\" decoding=\"async\" class=\"size-thumbnail wp-image-294 alignright\" src=\"https:\/\/i0.wp.com\/tophitsmx.com\/wp-content\/uploads\/2018\/10\/gorriones6.jpg?resize=150%2C150\" alt=\"\" width=\"150\" height=\"150\" data-recalc-dims=\"1\" \/><\/p>\n<p>A finales de los 60&#8217;s el Sr. <span style=\"color: #ffffff;\">PEDRO ARTURO ORTIZ VILLALOBOS<\/span> ingresa como locutor a las filas de GRUPO\u00a0 RADIO ALEGRIA\u00a0 donde por m\u00e1s de 45 a\u00f1os formo parte de esta gran empresa, llegando a ser el Director Operativo de \u00e9ste importante grupo de estaciones de radio en el norte de M\u00e9xico donde adem\u00e1s de tuvo la oportunidad de apoyar los lanzamientos al estrellato de artistas como Juan Gabriel, Jos\u00e9 Jos\u00e9, Yuri y tambi\u00e9n lo hizo en la m\u00fasica norte\u00f1a siendo un impulsor de grupos como Ram\u00f3n Ayala, Bronco, Los Mier, Invasores de N.L y muchos m\u00e1s.<\/p>\n<p><img loading=\"lazy\" decoding=\"async\" class=\"size-full wp-image-1389 alignleft\" src=\"https:\/\/i0.wp.com\/tophitsmx.com\/wp-content\/uploads\/2019\/03\/Vogue2.jpg?resize=150%2C150\" alt=\"\" width=\"150\" height=\"150\" data-recalc-dims=\"1\" \/>En 1980 y con 12 a\u00f1os de edad le toca el turno a <span style=\"color: #ffffff;\">PEDRO HUMBERTO ORTIZ LE\u00d3N<\/span> quien empieza su carrera en la estaci\u00f3n LA NUEVA MR de corte juvenil, para despu\u00e9s ingresar a finales de los 80&#8217;s a RADIO 13 donde llego junto con el movimiento llamado ROCK EN ESPA\u00d1OL que revoluciono esa d\u00e9cada. En 1991 Grupo Radio Alegr\u00eda le da la oportunidad de Crear, Dise\u00f1ar y Programar XHRK LA SABROSITA estaci\u00f3n que se convirti\u00f3 inmediatamente en la plataforma de la m\u00fasica Grupera de M\u00e9xico por descubrir a Grupos como Pesado, Poder del Norte, Selena, Intocable, Limite, Duelo por mencionar algunos que empezaron su exitosa carrera gracias a la creatividad de su Director y el trabajo en equipo de un exitoso staff de locutores y que en 1993 fue premiado como el mejor programador musical de provincia en M\u00e9xico por la revista DISCOMEXICO y manteni\u00e9ndose 15 a\u00f1os como la estaci\u00f3n l\u00edder de la m\u00fasica grupera en el norte de M\u00e9xico.<\/p>\n<p><img loading=\"lazy\" decoding=\"async\" class=\"size-full wp-image-1390 alignright\" src=\"https:\/\/i0.wp.com\/tophitsmx.com\/wp-content\/uploads\/2019\/03\/pedrin.jpg?resize=150%2C150\" alt=\"\" width=\"150\" height=\"150\" data-recalc-dims=\"1\" \/>Ahora llega una cuarta Generaci\u00f3n <span style=\"color: #ffffff;\">PEDRO HUMBERTO ORTIZ GARZA<\/span> que aportara su juventud, fuerza, alegr\u00eda, y creatividad a este nuevo proyecto que junto con la nueva tecnolog\u00eda ser\u00e1 parte importante para que GRUPO RADIO HIT est\u00e9 dentro de sus preferencias combinando los formatos b\u00e1sicos de m\u00fasica y con la experiencia de estas 4 generaciones queremos ser el primer grupo importante de estaciones por internet en M\u00e9xico y por consecuencia Las 15 Grandes del Internet.<\/p>\n","protected":false},"excerpt":{"rendered":"<p>Somos una familia que lleva la radio en la sangre y que DON PEDRO HUMBERTO ORTIZ ORTIZ fue quien lo inicio como locutor en los a\u00f1os 50&#8217;s en la XEOK de Monterrey N.L.\u00a0 con su programa CANTOS Y CANTARES DE M\u00c9XICO donde comparti\u00f3 amenas charlas con los cantantes m\u00e1s famosos de m\u00fasica ranchera de ese &hellip; <\/p>\n<p class=\"link-more\"><a href=\"http:\/\/tophitsmx.com\/index.php\/acerca-de\/\" class=\"read-more\">Read More<span class=\"screen-reader-text\"> &#8220;Nosotros&#8221;<\/span><\/a><\/p>\n","protected":false},"author":1,"featured_media":6,"parent":0,"menu_order":0,"comment_status":"closed","ping_status":"closed","template":"","meta":{"_monsterinsights_skip_tracking":false,"_monsterinsights_sitenote_active":false,"_monsterinsights_sitenote_note":"","_monsterinsights_sitenote_category":0,"jetpack_post_was_ever_published":false,"footnotes":""},"class_list":["post-9","page","type-page","status-publish","has-post-thumbnail","hentry"],"jetpack_sharing_enabled":true,"jetpack_shortlink":"https:\/\/wp.me\/P9Piae-9","jetpack-related-posts":[],"_links":{"self":[{"href":"http:\/\/tophitsmx.com\/index.php\/wp-json\/wp\/v2\/pages\/9","targetHints":{"allow":["GET"]}}],"collection":[{"href":"http:\/\/tophitsmx.com\/index.php\/wp-json\/wp\/v2\/pages"}],"about":[{"href":"http:\/\/tophitsmx.com\/index.php\/wp-json\/wp\/v2\/types\/page"}],"author":[{"embeddable":true,"href":"http:\/\/tophitsmx.com\/index.php\/wp-json\/wp\/v2\/users\/1"}],"replies":[{"embeddable":true,"href":"http:\/\/tophitsmx.com\/index.php\/wp-json\/wp\/v2\/comments?post=9"}],"version-history":[{"count":4,"href":"http:\/\/tophitsmx.com\/index.php\/wp-json\/wp\/v2\/pages\/9\/revisions"}],"predecessor-version":[{"id":1391,"href":"http:\/\/tophitsmx.com\/index.php\/wp-json\/wp\/v2\/pages\/9\/revisions\/1391"}],"wp:featuredmedia":[{"embeddable":true,"href":"http:\/\/tophitsmx.com\/index.php\/wp-json\/wp\/v2\/media\/6"}],"wp:attachment":[{"href":"http:\/\/tophitsmx.com\/index.php\/wp-json\/wp\/v2\/media?parent=9"}],"curies":[{"name":"wp","href":"https:\/\/api.w.org\/{rel}","templated":true}]}}